{"id":196,"date":"2020-03-31T16:46:17","date_gmt":"2020-03-31T16:46:17","guid":{"rendered":"https:\/\/danielzarcero.com\/?page_id=196"},"modified":"2020-04-01T00:07:09","modified_gmt":"2020-04-01T00:07:09","slug":"bio","status":"publish","type":"page","link":"https:\/\/danielzarcero.com\/index.php\/bio\/","title":{"rendered":"BIO"},"content":{"rendered":"\n<div class=\"wp-block-columns is-layout-flex wp-container-core-columns-is-layout-1 wp-block-columns-is-layout-flex\">\n<div class=\"wp-block-column is-layout-flow wp-block-column-is-layout-flow\" style=\"flex-basis:66.66%\">\n<p>Mi objetivo principal en cada una de mis fotograf\u00edas, es la de poder expresar la misma emoci\u00f3n y sentimiento de cada escena que capto, siento y vivo. Intento transmitir en cada toma, todas las sensaciones que me rodean en el momento de realizar la captura. Esta emoci\u00f3n incondicional e innata de cada momento vivido y compartido, hace engrandecer mi pasi\u00f3n por este arte tan maravilloso.<\/p>\n\n\n\n<p><br> Mi inter\u00e9s por la fotograf\u00eda comenz\u00f3 a una edad muy temprana, uni\u00e9ndome a la Federaci\u00f3n Catalana de Fotograf\u00eda y a la Agrupaci\u00f3n fotogr\u00e1fica de Esparreguera en la d\u00e9cada de los noventa. Empec\u00e9 a aprender al rev\u00e9s, pas\u00e9 del digital al anal\u00f3gico, encerr\u00e1ndome en el laboratorio interminables horas aprendiendo el arte del revelado y positivado. A lo largo de los a\u00f1os regres\u00e9 a la captura exclusivamente digital, combinando la fotograf\u00eda con mi pasi\u00f3n de viajar.<\/p>\n\n\n\n<hr class=\"wp-block-separator\"\/>\n\n\n\n<p>My main objective in each of my photographs is to be able to express the same emotion and feeling of each scene that I capture, feel and live. I try to transmit in each shot, all the sensations that surround me at the time of capturing. This unconditional and innate emotion of each moment lived and shared, magnifies my passion for this wonderful art.<\/p>\n\n\n\n<p><br> My interest in photography began at a very young age, joining the Catalan Federation of Photography and the Esparreguera Photographic Association in the 1990s. I started learning backwards, I went from digital to analog, locking myself in the laboratory for endless hours learning the art of developing and printing. Over the years, I returned to exclusively digital capture, combining photography with my passion for traveling.<\/p>\n<\/div>\n\n\n\n<div class=\"wp-block-column is-layout-flow wp-block-column-is-layout-flow\" style=\"flex-basis:33.33%\">\n<figure class=\"wp-block-image size-large\"><img loading=\"lazy\" decoding=\"async\" width=\"1024\" height=\"1024\" src=\"https:\/\/danielzarcero.com\/wp-content\/uploads\/2020\/03\/FOTO-MEVA-1024x1024.jpg\" alt=\"\" class=\"wp-image-147\"\/><\/figure>\n<\/div>\n<\/div>\n\n\n\n<div class=\"wp-block-buttons is-layout-flex wp-block-buttons-is-layout-flex\">\n<div class=\"wp-block-button\"><a class=\"wp-block-button__link has-text-color has-background-color has-background has-primary-background-color\" href=\"\/\">\ud83d\ude42<\/a><\/div>\n<\/div>\n","protected":false},"excerpt":{"rendered":"<p>Mi objetivo principal en cada una de mis fotograf\u00edas, es la de poder expresar la misma emoci\u00f3n y sentimiento de cada escena que capto, siento y vivo. Intento transmitir en cada toma, todas las sensaciones que me rodean en el momento de realizar la captura. Esta emoci\u00f3n incondicional e innata de cada momento vivido y [&hellip;]<\/p>\n","protected":false},"author":1,"featured_media":0,"parent":0,"menu_order":0,"comment_status":"closed","ping_status":"closed","template":"templates\/template-full-width.php","meta":{"footnotes":""},"class_list":["post-196","page","type-page","status-publish","hentry"],"yoast_head":"<!-- This site is optimized with the Yoast SEO plugin v23.6 - https:\/\/yoast.com\/wordpress\/plugins\/seo\/ -->\n<title>BIO - Daniel Zarcero - @daniel_zarcero<\/title>\n<meta name=\"robots\" content=\"index, follow, max-snippet:-1, max-image-preview:large, max-video-preview:-1\" \/>\n<link rel=\"canonical\" href=\"https:\/\/danielzarcero.com\/index.php\/bio\/\" \/>\n<meta property=\"og:locale\" content=\"es_ES\" \/>\n<meta property=\"og:type\" content=\"article\" \/>\n<meta property=\"og:title\" content=\"BIO - Daniel Zarcero - @daniel_zarcero\" \/>\n<meta property=\"og:description\" content=\"Mi objetivo principal en cada una de mis fotograf\u00edas, es la de poder expresar la misma emoci\u00f3n y sentimiento de cada escena que capto, siento y vivo. Intento transmitir en cada toma, todas las sensaciones que me rodean en el momento de realizar la captura. Esta emoci\u00f3n incondicional e innata de cada momento vivido y [&hellip;]\" \/>\n<meta property=\"og:url\" content=\"https:\/\/danielzarcero.com\/index.php\/bio\/\" \/>\n<meta property=\"og:site_name\" content=\"Daniel Zarcero - @daniel_zarcero\" \/>\n<meta property=\"article:modified_time\" content=\"2020-04-01T00:07:09+00:00\" \/>\n<meta property=\"og:image\" content=\"https:\/\/danielzarcero.com\/wp-content\/uploads\/2020\/03\/FOTO-MEVA-scaled.jpg\" \/>\n\t<meta property=\"og:image:width\" content=\"2560\" \/>\n\t<meta property=\"og:image:height\" content=\"2560\" \/>\n\t<meta property=\"og:image:type\" content=\"image\/jpeg\" \/>\n<meta name=\"twitter:card\" content=\"summary_large_image\" \/>\n<meta name=\"twitter:label1\" content=\"Tiempo de lectura\" \/>\n\t<meta name=\"twitter:data1\" content=\"1 minuto\" \/>\n<script type=\"application\/ld+json\" class=\"yoast-schema-graph\">{\"@context\":\"https:\/\/schema.org\",\"@graph\":[{\"@type\":\"WebPage\",\"@id\":\"https:\/\/danielzarcero.com\/index.php\/bio\/\",\"url\":\"https:\/\/danielzarcero.com\/index.php\/bio\/\",\"name\":\"BIO - Daniel Zarcero - @daniel_zarcero\",\"isPartOf\":{\"@id\":\"https:\/\/danielzarcero.com\/#website\"},\"primaryImageOfPage\":{\"@id\":\"https:\/\/danielzarcero.com\/index.php\/bio\/#primaryimage\"},\"image\":{\"@id\":\"https:\/\/danielzarcero.com\/index.php\/bio\/#primaryimage\"},\"thumbnailUrl\":\"https:\/\/danielzarcero.com\/wp-content\/uploads\/2020\/03\/FOTO-MEVA-1024x1024.jpg\",\"datePublished\":\"2020-03-31T16:46:17+00:00\",\"dateModified\":\"2020-04-01T00:07:09+00:00\",\"breadcrumb\":{\"@id\":\"https:\/\/danielzarcero.com\/index.php\/bio\/#breadcrumb\"},\"inLanguage\":\"es\",\"potentialAction\":[{\"@type\":\"ReadAction\",\"target\":[\"https:\/\/danielzarcero.com\/index.php\/bio\/\"]}]},{\"@type\":\"ImageObject\",\"inLanguage\":\"es\",\"@id\":\"https:\/\/danielzarcero.com\/index.php\/bio\/#primaryimage\",\"url\":\"https:\/\/danielzarcero.com\/wp-content\/uploads\/2020\/03\/FOTO-MEVA-scaled.jpg\",\"contentUrl\":\"https:\/\/danielzarcero.com\/wp-content\/uploads\/2020\/03\/FOTO-MEVA-scaled.jpg\",\"width\":2560,\"height\":2560},{\"@type\":\"BreadcrumbList\",\"@id\":\"https:\/\/danielzarcero.com\/index.php\/bio\/#breadcrumb\",\"itemListElement\":[{\"@type\":\"ListItem\",\"position\":1,\"name\":\"Home\",\"item\":\"https:\/\/danielzarcero.com\/\"},{\"@type\":\"ListItem\",\"position\":2,\"name\":\"BIO\"}]},{\"@type\":\"WebSite\",\"@id\":\"https:\/\/danielzarcero.com\/#website\",\"url\":\"https:\/\/danielzarcero.com\/\",\"name\":\"Daniel Zarcero - @daniel_zarcero\",\"description\":\"\",\"publisher\":{\"@id\":\"https:\/\/danielzarcero.com\/#organization\"},\"potentialAction\":[{\"@type\":\"SearchAction\",\"target\":{\"@type\":\"EntryPoint\",\"urlTemplate\":\"https:\/\/danielzarcero.com\/?s={search_term_string}\"},\"query-input\":{\"@type\":\"PropertyValueSpecification\",\"valueRequired\":true,\"valueName\":\"search_term_string\"}}],\"inLanguage\":\"es\"},{\"@type\":\"Organization\",\"@id\":\"https:\/\/danielzarcero.com\/#organization\",\"name\":\"Daniel Zarcero - @daniel_zarcero\",\"url\":\"https:\/\/danielzarcero.com\/\",\"logo\":{\"@type\":\"ImageObject\",\"inLanguage\":\"es\",\"@id\":\"https:\/\/danielzarcero.com\/#\/schema\/logo\/image\/\",\"url\":\"https:\/\/danielzarcero.com\/wp-content\/uploads\/2020\/03\/daniel_zarcero.jpg\",\"contentUrl\":\"https:\/\/danielzarcero.com\/wp-content\/uploads\/2020\/03\/daniel_zarcero.jpg\",\"width\":157,\"height\":30,\"caption\":\"Daniel Zarcero - @daniel_zarcero\"},\"image\":{\"@id\":\"https:\/\/danielzarcero.com\/#\/schema\/logo\/image\/\"}}]}<\/script>\n<!-- \/ Yoast SEO plugin. -->","yoast_head_json":{"title":"BIO - Daniel Zarcero - @daniel_zarcero","robots":{"index":"index","follow":"follow","max-snippet":"max-snippet:-1","max-image-preview":"max-image-preview:large","max-video-preview":"max-video-preview:-1"},"canonical":"https:\/\/danielzarcero.com\/index.php\/bio\/","og_locale":"es_ES","og_type":"article","og_title":"BIO - Daniel Zarcero - @daniel_zarcero","og_description":"Mi objetivo principal en cada una de mis fotograf\u00edas, es la de poder expresar la misma emoci\u00f3n y sentimiento de cada escena que capto, siento y vivo. Intento transmitir en cada toma, todas las sensaciones que me rodean en el momento de realizar la captura. Esta emoci\u00f3n incondicional e innata de cada momento vivido y [&hellip;]","og_url":"https:\/\/danielzarcero.com\/index.php\/bio\/","og_site_name":"Daniel Zarcero - @daniel_zarcero","article_modified_time":"2020-04-01T00:07:09+00:00","og_image":[{"width":2560,"height":2560,"url":"https:\/\/danielzarcero.com\/wp-content\/uploads\/2020\/03\/FOTO-MEVA-scaled.jpg","type":"image\/jpeg"}],"twitter_card":"summary_large_image","twitter_misc":{"Tiempo de lectura":"1 minuto"},"schema":{"@context":"https:\/\/schema.org","@graph":[{"@type":"WebPage","@id":"https:\/\/danielzarcero.com\/index.php\/bio\/","url":"https:\/\/danielzarcero.com\/index.php\/bio\/","name":"BIO - Daniel Zarcero - @daniel_zarcero","isPartOf":{"@id":"https:\/\/danielzarcero.com\/#website"},"primaryImageOfPage":{"@id":"https:\/\/danielzarcero.com\/index.php\/bio\/#primaryimage"},"image":{"@id":"https:\/\/danielzarcero.com\/index.php\/bio\/#primaryimage"},"thumbnailUrl":"https:\/\/danielzarcero.com\/wp-content\/uploads\/2020\/03\/FOTO-MEVA-1024x1024.jpg","datePublished":"2020-03-31T16:46:17+00:00","dateModified":"2020-04-01T00:07:09+00:00","breadcrumb":{"@id":"https:\/\/danielzarcero.com\/index.php\/bio\/#breadcrumb"},"inLanguage":"es","potentialAction":[{"@type":"ReadAction","target":["https:\/\/danielzarcero.com\/index.php\/bio\/"]}]},{"@type":"ImageObject","inLanguage":"es","@id":"https:\/\/danielzarcero.com\/index.php\/bio\/#primaryimage","url":"https:\/\/danielzarcero.com\/wp-content\/uploads\/2020\/03\/FOTO-MEVA-scaled.jpg","contentUrl":"https:\/\/danielzarcero.com\/wp-content\/uploads\/2020\/03\/FOTO-MEVA-scaled.jpg","width":2560,"height":2560},{"@type":"BreadcrumbList","@id":"https:\/\/danielzarcero.com\/index.php\/bio\/#breadcrumb","itemListElement":[{"@type":"ListItem","position":1,"name":"Home","item":"https:\/\/danielzarcero.com\/"},{"@type":"ListItem","position":2,"name":"BIO"}]},{"@type":"WebSite","@id":"https:\/\/danielzarcero.com\/#website","url":"https:\/\/danielzarcero.com\/","name":"Daniel Zarcero - @daniel_zarcero","description":"","publisher":{"@id":"https:\/\/danielzarcero.com\/#organization"},"potentialAction":[{"@type":"SearchAction","target":{"@type":"EntryPoint","urlTemplate":"https:\/\/danielzarcero.com\/?s={search_term_string}"},"query-input":{"@type":"PropertyValueSpecification","valueRequired":true,"valueName":"search_term_string"}}],"inLanguage":"es"},{"@type":"Organization","@id":"https:\/\/danielzarcero.com\/#organization","name":"Daniel Zarcero - @daniel_zarcero","url":"https:\/\/danielzarcero.com\/","logo":{"@type":"ImageObject","inLanguage":"es","@id":"https:\/\/danielzarcero.com\/#\/schema\/logo\/image\/","url":"https:\/\/danielzarcero.com\/wp-content\/uploads\/2020\/03\/daniel_zarcero.jpg","contentUrl":"https:\/\/danielzarcero.com\/wp-content\/uploads\/2020\/03\/daniel_zarcero.jpg","width":157,"height":30,"caption":"Daniel Zarcero - @daniel_zarcero"},"image":{"@id":"https:\/\/danielzarcero.com\/#\/schema\/logo\/image\/"}}]}},"rttpg_featured_image_url":null,"rttpg_author":{"display_name":"admin","author_link":"https:\/\/danielzarcero.com\/index.php\/author\/danielzarcero\/"},"rttpg_comment":0,"rttpg_category":null,"rttpg_excerpt":"Mi objetivo principal en cada una de mis fotograf\u00edas, es la de poder expresar la misma emoci\u00f3n y sentimiento de cada escena que capto, siento y vivo. Intento transmitir en cada toma, todas las sensaciones que me rodean en el momento de realizar la captura. Esta emoci\u00f3n incondicional e innata de cada momento vivido y&hellip;","_links":{"self":[{"href":"https:\/\/danielzarcero.com\/index.php\/wp-json\/wp\/v2\/pages\/196"}],"collection":[{"href":"https:\/\/danielzarcero.com\/index.php\/wp-json\/wp\/v2\/pages"}],"about":[{"href":"https:\/\/danielzarcero.com\/index.php\/wp-json\/wp\/v2\/types\/page"}],"author":[{"embeddable":true,"href":"https:\/\/danielzarcero.com\/index.php\/wp-json\/wp\/v2\/users\/1"}],"replies":[{"embeddable":true,"href":"https:\/\/danielzarcero.com\/index.php\/wp-json\/wp\/v2\/comments?post=196"}],"version-history":[{"count":2,"href":"https:\/\/danielzarcero.com\/index.php\/wp-json\/wp\/v2\/pages\/196\/revisions"}],"predecessor-version":[{"id":234,"href":"https:\/\/danielzarcero.com\/index.php\/wp-json\/wp\/v2\/pages\/196\/revisions\/234"}],"wp:attachment":[{"href":"https:\/\/danielzarcero.com\/index.php\/wp-json\/wp\/v2\/media?parent=196"}],"curies":[{"name":"wp","href":"https:\/\/api.w.org\/{rel}","templated":true}]}}